{"id":24,"date":"2018-10-19T04:52:50","date_gmt":"2018-10-19T04:52:50","guid":{"rendered":"http:\/\/wordpress.brillen-framme.de\/?page_id=24"},"modified":"2023-05-01T17:27:31","modified_gmt":"2023-05-01T17:27:31","slug":"impressum","status":"publish","type":"page","link":"https:\/\/brillen-framme.de\/?page_id=24","title":{"rendered":"Impressum"},"content":{"rendered":"\n<p class=\"has-black-color has-text-color\"><strong>Impressum<br>Angaben gem\u00e4\u00df \u00a7 5 TMG<br><\/strong><br><strong>BRILLEN FRAMME<br>M\u00fchlenstra\u00dfe 18<br>49661 Cloppenburg<\/strong><\/p>\n\n\n\n<p class=\"has-text-align-left has-black-color has-text-color\" style=\"line-height:1.5\"><strong>Vertreten durch: Inhaber: Kerstin Framme<\/strong><\/p>\n\n\n\n<ul class=\"has-black-color has-text-color wp-block-list\">\n<li><strong>Augenoptikermeister<\/strong><\/li>\n\n\n\n<li><strong>Staatlich gepr\u00fcfter Augenoptiker<\/strong><\/li>\n\n\n\n<li><strong>Betriebswirt des Handwerks<\/strong><\/li>\n\n\n\n<li><strong>Optometrist [HWK]<\/strong><\/li>\n<\/ul>\n\n\n\n<p class=\"has-black-color has-text-color\"><strong>Kontakt:<\/strong><br><strong>Telefon: 04471\/4350<br>Telefax: 04471\/4358<br>E-Mail: brillen-framme@t-online.de<br><\/strong><br><strong>Umsatzsteuer-ID: <\/strong><br><strong>Umsatzsteuer-Identifikationsnummer gem\u00e4\u00df \u00a727a Umsatzsteuergesetz: DE309041582Streitschlichtung<br><\/strong>Die Europ\u00e4ische Kommission stellt eine Plattform zur Online-Streitbeilegung (OS) bereit: https:\/\/ec.europa.eu\/consumers\/odr.<br>Weiter oben im Impressum finden sie unsere E-Mail-Adresse.<br>Wir sind nicht bereit oder verpflichtet, an Streitbeilegungsverfahren vor einer Verbraucherschlichtungsstelle teilzunehmen.<\/p>\n\n\n\n<p><strong>Haftungsausschluss: <\/strong><\/p>\n\n\n\n<p class=\"has-black-color has-text-color\"><strong>Haftung f\u00fcr Inhalte<\/strong><\/p>\n\n\n\n<p class=\"has-black-color has-text-color\">Die\n Inhalte unserer Seiten wurden mit gr\u00f6\u00dfter Sorgfalt erstellt. F\u00fcr die \nRichtigkeit, Vollst\u00e4ndigkeit und Aktualit\u00e4t der Inhalte k\u00f6nnen wir \njedoch keine Gew\u00e4hr \u00fcbernehmen. Als Diensteanbieter sind wir gem\u00e4\u00df \u00a7 7 \nAbs.1 TMG f\u00fcr eigene Inhalte auf diesen Seiten nach den allgemeinen \nGesetzen verantwortlich. Nach \u00a7\u00a7 8 bis 10 TMG sind wir als \nDiensteanbieter jedoch nicht verpflichtet, \u00fcbermittelte oder \ngespeicherte fremde Informationen zu \u00fcberwachen oder nach Umst\u00e4nden zu \nforschen, die auf eine rechtswidrige T\u00e4tigkeit hinweisen. \nVerpflichtungen zur Entfernung oder Sperrung der Nutzung von \nInformationen nach den allgemeinen Gesetzen bleiben hiervon unber\u00fchrt. \nEine diesbez\u00fcgliche Haftung ist jedoch erst ab dem Zeitpunkt der \nKenntnis einer konkreten Rechtsverletzung m\u00f6glich. Bei Bekanntwerden von\n entsprechenden Rechtsverletzungen werden wir diese Inhalte umgehend \nentfernen.<\/p>\n\n\n\n<p class=\"has-black-color has-text-color\"><strong>Urheberrecht<\/strong><\/p>\n\n\n\n<p class=\"has-black-color has-text-color\">Die\n durch die Seitenbetreiber erstellten Inhalte und Werke auf diesen \nSeiten unterliegen dem deutschen Urheberrecht. Die Vervielf\u00e4ltigung, \nBearbeitung, Verbreitung und jede Art der Verwertung au\u00dferhalb der \nGrenzen des Urheberrechtes bed\u00fcrfen der schriftlichen Zustimmung des \njeweiligen Autors bzw. Erstellers. Downloads und Kopien dieser Seite \nsind nur f\u00fcr den privaten, nicht kommerziellen Gebrauch gestattet. \nSoweit die Inhalte auf dieser Seite nicht vom Betreiber erstellt wurden,\n werden die Urheberrechte Dritter beachtet. Insbesondere werden Inhalte \nDritter als solche gekennzeichnet. Sollten Sie trotzdem auf eine \nUrheberrechtsverletzung aufmerksam werden, bitten wir um einen \nentsprechenden Hinweis. Bei Bekanntwerden von Rechtsverletzungen werden \nwir derartige Inhalte umgehend entfernen.<\/p>\n\n\n\n<p class=\"has-black-color has-text-color\"><strong>Datenschutz<\/strong><\/p>\n\n\n\n<p class=\"has-black-color has-text-color\">Die\n Nutzung unserer Webseite ist in der Regel ohne Angabe personenbezogener\n Daten m\u00f6glich. Soweit auf unseren Seiten personenbezogene Daten \n(beispielsweise Name, Anschrift oder eMail-Adressen) erhoben werden, \nerfolgt dies, soweit m\u00f6glich, stets auf freiwilliger Basis. Diese Daten \nwerden ohne Ihre ausdr\u00fcckliche Zustimmung nicht an Dritte weitergegeben.\n <br>Wir weisen darauf hin, dass die Daten\u00fcbertragung im Internet (z.B. \nbei der Kommunikation per E-Mail) Sicherheitsl\u00fccken aufweisen kann. Ein \nl\u00fcckenloser Schutz der Daten vor dem Zugriff durch Dritte ist nicht \nm\u00f6glich. <br>Der Nutzung von im Rahmen der Impressumspflicht \nver\u00f6ffentlichten Kontaktdaten durch Dritte zur \u00dcbersendung von nicht \nausdr\u00fccklich angeforderter Werbung und Informationsmaterialien wird \nhiermit ausdr\u00fccklich widersprochen. Die Betreiber der Seiten behalten \nsich ausdr\u00fccklich rechtliche Schritte im Falle der unverlangten \nZusendung von Werbeinformationen, etwa durch Spam-Mails, vor.<\/p>\n\n\n\n<p class=\"has-black-color has-text-color\">Website Impressum erstellt durch <a href=\"http:\/\/www.impressum-generator.de\/\">impressum-generator.de<\/a> von der <a href=\"https:\/\/www.kanzlei-hasselbach.de\/\">Kanzlei Hasselbach<\/a><br><\/p>\n","protected":false},"excerpt":{"rendered":"<p>ImpressumAngaben gem\u00e4\u00df \u00a7 5 TMGBRILLEN FRAMMEM\u00fchlenstra\u00dfe 1849661 Cloppenburg Vertreten durch: Inhaber: Kerstin Framme Kontakt:Telefon: 04471\/4350Telefax: 04471\/4358E-Mail: brillen-framme@t-online.deUmsatzsteuer-ID: Umsatzsteuer-Identifikationsnummer gem\u00e4\u00df \u00a727a Umsatzsteuergesetz: DE309041582StreitschlichtungDie Europ\u00e4ische Kommission stellt eine Plattform zur Online-Streitbeilegung (OS) bereit: https:\/\/ec.europa.eu\/consumers\/odr.Weiter oben im Impressum finden sie unsere E-Mail-Adresse.Wir sind nicht bereit oder verpflichtet, an Streitbeilegungsverfahren vor einer Verbraucherschlichtungsstelle teilzunehmen. Haftungsausschluss: Haftung f\u00fcr Inhalte Die &hellip; <\/p>\n<p class=\"link-more\"><a href=\"https:\/\/brillen-framme.de\/?page_id=24\" class=\"more-link\"><span class=\"screen-reader-text\">\u201eImpressum\u201c <\/span>weiterlesen<\/a><\/p>\n","protected":false},"author":1,"featured_media":0,"parent":0,"menu_order":0,"comment_status":"closed","ping_status":"closed","template":"","meta":{"footnotes":""},"class_list":["post-24","page","type-page","status-publish","hentry"],"_links":{"self":[{"href":"https:\/\/brillen-framme.de\/index.php?rest_route=\/wp\/v2\/pages\/24","targetHints":{"allow":["GET"]}}],"collection":[{"href":"https:\/\/brillen-framme.de\/index.php?rest_route=\/wp\/v2\/pages"}],"about":[{"href":"https:\/\/brillen-framme.de\/index.php?rest_route=\/wp\/v2\/types\/page"}],"author":[{"embeddable":true,"href":"https:\/\/brillen-framme.de\/index.php?rest_route=\/wp\/v2\/users\/1"}],"replies":[{"embeddable":true,"href":"https:\/\/brillen-framme.de\/index.php?rest_route=%2Fwp%2Fv2%2Fcomments&post=24"}],"version-history":[{"count":10,"href":"https:\/\/brillen-framme.de\/index.php?rest_route=\/wp\/v2\/pages\/24\/revisions"}],"predecessor-version":[{"id":1628,"href":"https:\/\/brillen-framme.de\/index.php?rest_route=\/wp\/v2\/pages\/24\/revisions\/1628"}],"wp:attachment":[{"href":"https:\/\/brillen-framme.de\/index.php?rest_route=%2Fwp%2Fv2%2Fmedia&parent=24"}],"curies":[{"name":"wp","href":"https:\/\/api.w.org\/{rel}","templated":true}]}}