{"id":27,"date":"2018-10-19T04:52:50","date_gmt":"2018-10-19T04:52:50","guid":{"rendered":"http:\/\/wordpress.brillen-framme.de\/?page_id=27"},"modified":"2024-03-28T14:20:44","modified_gmt":"2024-03-28T14:20:44","slug":"sehtest","status":"publish","type":"page","link":"https:\/\/brillen-framme.de\/?page_id=27","title":{"rendered":"Sehtest"},"content":{"rendered":"\n<p class=\"has-black-color has-pale-ocean-gradient-background has-text-color has-background\"><strong>Der Sehtest bei BRILLEN FRAMME ist ein kostenloser Service f\u00fcr Sie!&nbsp;&nbsp;<\/strong><\/p>\n\n\n\n<p class=\"has-black-color has-text-color\">Wir ermitteln wie gut oder schlecht Sie sehen k\u00f6nnen und bestimmen Ihre Sehleistung, den Visus. <br><br>Sie erfahren, ob eine Korrektion Ihrer Augen mit einer Brille oder Contact-Linsen bei Ihnen sinnvoll und notwendig, oder ob Ihre Sehsch\u00e4rfe auch ohne Korrektur optimal ist. <br><br>Es handelt sich also um ein Auswahlverfahren und ersetzt nicht die Refraktion.<\/p>\n\n\n\n<p class=\"has-black-color has-pale-ocean-gradient-background has-text-color has-background\"><strong>Sehteste sollten zur eigenen Sicherheit regelm\u00e4\u00dfig durchgef\u00fchrt werden!<br><\/strong><\/p>\n","protected":false},"excerpt":{"rendered":"<p>Der Sehtest bei BRILLEN FRAMME ist ein kostenloser Service f\u00fcr Sie!&nbsp;&nbsp; Wir ermitteln wie gut oder schlecht Sie sehen k\u00f6nnen und bestimmen Ihre Sehleistung, den Visus. Sie erfahren, ob eine Korrektion Ihrer Augen mit einer Brille oder Contact-Linsen bei Ihnen sinnvoll und notwendig, oder ob Ihre Sehsch\u00e4rfe auch ohne Korrektur optimal ist. Es handelt sich &hellip; <\/p>\n<p class=\"link-more\"><a href=\"https:\/\/brillen-framme.de\/?page_id=27\" class=\"more-link\"><span class=\"screen-reader-text\">\u201eSehtest\u201c <\/span>weiterlesen<\/a><\/p>\n","protected":false},"author":1,"featured_media":0,"parent":0,"menu_order":0,"comment_status":"closed","ping_status":"closed","template":"","meta":{"footnotes":""},"class_list":["post-27","page","type-page","status-publish","hentry"],"_links":{"self":[{"href":"https:\/\/brillen-framme.de\/index.php?rest_route=\/wp\/v2\/pages\/27","targetHints":{"allow":["GET"]}}],"collection":[{"href":"https:\/\/brillen-framme.de\/index.php?rest_route=\/wp\/v2\/pages"}],"about":[{"href":"https:\/\/brillen-framme.de\/index.php?rest_route=\/wp\/v2\/types\/page"}],"author":[{"embeddable":true,"href":"https:\/\/brillen-framme.de\/index.php?rest_route=\/wp\/v2\/users\/1"}],"replies":[{"embeddable":true,"href":"https:\/\/brillen-framme.de\/index.php?rest_route=%2Fwp%2Fv2%2Fcomments&post=27"}],"version-history":[{"count":11,"href":"https:\/\/brillen-framme.de\/index.php?rest_route=\/wp\/v2\/pages\/27\/revisions"}],"predecessor-version":[{"id":1696,"href":"https:\/\/brillen-framme.de\/index.php?rest_route=\/wp\/v2\/pages\/27\/revisions\/1696"}],"wp:attachment":[{"href":"https:\/\/brillen-framme.de\/index.php?rest_route=%2Fwp%2Fv2%2Fmedia&parent=27"}],"curies":[{"name":"wp","href":"https:\/\/api.w.org\/{rel}","templated":true}]}}