{"id":28,"date":"2018-10-19T04:52:50","date_gmt":"2018-10-19T04:52:50","guid":{"rendered":"http:\/\/wordpress.brillen-framme.de\/?page_id=28"},"modified":"2023-05-01T17:30:47","modified_gmt":"2023-05-01T17:30:47","slug":"sehstelle","status":"publish","type":"page","link":"https:\/\/brillen-framme.de\/?page_id=28","title":{"rendered":"Sehteststelle"},"content":{"rendered":"\n<p class=\"has-black-color has-text-color\"><strong>BRILLEN FRAMME &#8230;meine amtlich anerkannte Sehteststelle f\u00fcr F\u00fchrerscheinbewerber <\/strong><\/p>\n\n\n\n<p class=\"has-very-light-gray-color has-vivid-cyan-blue-background-color has-text-color has-background\"><strong>Wichtig: Bitte den g\u00fcltigen Personalausweis, Reisepass oder Kinderausweis mitbringen!<\/strong><\/p>\n\n\n\n<p class=\"has-black-color has-text-color\">Der &#8222;F\u00fchrerscheinsehtest&#8220; ist ein amtlicher Vorgang, und deswegen ist die Personal-Nummer, sowie die Identifizierung \u00fcber ein Lichtbild notwendig. Eine Dokument-Kopie wird bei BRILLEN FRAMME zehn Jahre vertraulich verwaltet.<strong><br><br>Anforderung f\u00fcr die Klasse A, B, M und L: <br> jedes Auge erzielt, mit oder ohne Korrektion, eine Sehleistung von mindestens 70% <br><\/strong>(f\u00fcr Klasse C und D pr\u00fcft der Augenarzt die Sehleistung)<\/p>\n\n\n\n<p class=\"has-black-color has-text-color\">Jederzeit ohne Termin und Wartezeit!                                                                                                               Sie erhalten bei erfolgreichem F\u00fchrerscheinsehtest umgehend Ihre Bescheinigung f\u00fcr die Fahrschule.                                                                                                                        <strong>Geb\u00fchr: 6,50 \u20ac<\/strong><\/p>\n","protected":false},"excerpt":{"rendered":"<p>BRILLEN FRAMME &#8230;meine amtlich anerkannte Sehteststelle f\u00fcr F\u00fchrerscheinbewerber Wichtig: Bitte den g\u00fcltigen Personalausweis, Reisepass oder Kinderausweis mitbringen! Der &#8222;F\u00fchrerscheinsehtest&#8220; ist ein amtlicher Vorgang, und deswegen ist die Personal-Nummer, sowie die Identifizierung \u00fcber ein Lichtbild notwendig. Eine Dokument-Kopie wird bei BRILLEN FRAMME zehn Jahre vertraulich verwaltet. Anforderung f\u00fcr die Klasse A, B, M und L: jedes &hellip; <\/p>\n<p class=\"link-more\"><a href=\"https:\/\/brillen-framme.de\/?page_id=28\" class=\"more-link\"><span class=\"screen-reader-text\">\u201eSehteststelle\u201c <\/span>weiterlesen<\/a><\/p>\n","protected":false},"author":1,"featured_media":0,"parent":0,"menu_order":0,"comment_status":"closed","ping_status":"closed","template":"","meta":{"footnotes":""},"class_list":["post-28","page","type-page","status-publish","hentry"],"_links":{"self":[{"href":"https:\/\/brillen-framme.de\/index.php?rest_route=\/wp\/v2\/pages\/28","targetHints":{"allow":["GET"]}}],"collection":[{"href":"https:\/\/brillen-framme.de\/index.php?rest_route=\/wp\/v2\/pages"}],"about":[{"href":"https:\/\/brillen-framme.de\/index.php?rest_route=\/wp\/v2\/types\/page"}],"author":[{"embeddable":true,"href":"https:\/\/brillen-framme.de\/index.php?rest_route=\/wp\/v2\/users\/1"}],"replies":[{"embeddable":true,"href":"https:\/\/brillen-framme.de\/index.php?rest_route=%2Fwp%2Fv2%2Fcomments&post=28"}],"version-history":[{"count":28,"href":"https:\/\/brillen-framme.de\/index.php?rest_route=\/wp\/v2\/pages\/28\/revisions"}],"predecessor-version":[{"id":1630,"href":"https:\/\/brillen-framme.de\/index.php?rest_route=\/wp\/v2\/pages\/28\/revisions\/1630"}],"wp:attachment":[{"href":"https:\/\/brillen-framme.de\/index.php?rest_route=%2Fwp%2Fv2%2Fmedia&parent=28"}],"curies":[{"name":"wp","href":"https:\/\/api.w.org\/{rel}","templated":true}]}}