{"id":30,"date":"2018-10-19T04:52:50","date_gmt":"2018-10-19T04:52:50","guid":{"rendered":"http:\/\/wordpress.brillen-framme.de\/?page_id=30"},"modified":"2025-09-24T06:31:45","modified_gmt":"2025-09-24T06:31:45","slug":"sonnenbrillen","status":"publish","type":"page","link":"https:\/\/brillen-framme.de\/?page_id=30","title":{"rendered":"Sonnenbrillen &#038; Sport-Optik"},"content":{"rendered":"\n<p class=\"has-text-align-center has-black-color has-pale-ocean-gradient-background has-text-color has-background has-medium-font-size\"><strong>Aktuelle Sonnenbrillen in allen Preislagen und Designs<\/strong><\/p>\n\n\n\n<p class=\"has-text-align-center has-luminous-vivid-orange-color has-text-color\"><strong>Klassisch, Elegant, Sportlich, Stylish<\/strong><\/p>\n\n\n\n<p class=\"has-text-align-center has-luminous-vivid-orange-color has-text-color\"><strong>100% UV-Schutz ist gew\u00e4hrleistet!<\/strong><\/p>\n\n\n\n<figure class=\"wp-block-image size-full\"><img loading=\"lazy\" decoding=\"async\" width=\"768\" height=\"1024\" src=\"https:\/\/brillen-framme.de\/wp-content\/uploads\/2023\/05\/IMG_8373.jpeg\" alt=\"\" class=\"wp-image-1537\" srcset=\"https:\/\/brillen-framme.de\/wp-content\/uploads\/2023\/05\/IMG_8373.jpeg 768w, https:\/\/brillen-framme.de\/wp-content\/uploads\/2023\/05\/IMG_8373-225x300.jpeg 225w\" sizes=\"auto, (max-width: 767px) 89vw, (max-width: 1000px) 54vw, (max-width: 1071px) 543px, 580px\" \/><\/figure>\n\n\n\n<p class=\"has-text-align-center has-luminous-vivid-orange-color has-pale-ocean-gradient-background has-text-color has-background has-medium-font-size\"><strong>Wir fertigen an: Sonnenbrillen mit individueller Sehst\u00e4rke! <\/strong><\/p>\n\n\n<div class=\"wp-block-image\">\n<figure class=\"aligncenter is-resized\"><img loading=\"lazy\" decoding=\"async\" width=\"1024\" height=\"279\" src=\"https:\/\/brillen-framme.de\/wp-content\/uploads\/2019\/04\/INVU-logo_blue-1024x279.jpg\" alt=\"INVU\" class=\"wp-image-978\" style=\"width:200px;height:54px\" srcset=\"https:\/\/brillen-framme.de\/wp-content\/uploads\/2019\/04\/INVU-logo_blue-1024x279.jpg 1024w, https:\/\/brillen-framme.de\/wp-content\/uploads\/2019\/04\/INVU-logo_blue-300x82.jpg 300w, https:\/\/brillen-framme.de\/wp-content\/uploads\/2019\/04\/INVU-logo_blue-768x209.jpg 768w, https:\/\/brillen-framme.de\/wp-content\/uploads\/2019\/04\/INVU-logo_blue.jpg 1299w\" sizes=\"auto, (max-width: 767px) 89vw, (max-width: 1000px) 54vw, (max-width: 1071px) 543px, 580px\" \/><\/figure>\n<\/div>\n\n\n<p class=\"has-text-align-center has-black-color has-text-color\"><strong>&#8230; polarisierende Sonnenschutz-Gl\u00e4ser erleben mit den &#8222;Poltester&#8220; von ZEISS und INVU.<br><\/strong><\/p>\n\n\n\n<figure class=\"wp-block-image size-large\"><img loading=\"lazy\" decoding=\"async\" width=\"1024\" height=\"293\" src=\"https:\/\/brillen-framme.de\/wp-content\/uploads\/2025\/09\/LOGO-FaceAFace_black-1024x293.jpg\" alt=\"\" class=\"wp-image-1817\" srcset=\"https:\/\/brillen-framme.de\/wp-content\/uploads\/2025\/09\/LOGO-FaceAFace_black-1024x293.jpg 1024w, https:\/\/brillen-framme.de\/wp-content\/uploads\/2025\/09\/LOGO-FaceAFace_black-300x86.jpg 300w, https:\/\/brillen-framme.de\/wp-content\/uploads\/2025\/09\/LOGO-FaceAFace_black-768x220.jpg 768w, https:\/\/brillen-framme.de\/wp-content\/uploads\/2025\/09\/LOGO-FaceAFace_black-1536x440.jpg 1536w, https:\/\/brillen-framme.de\/wp-content\/uploads\/2025\/09\/LOGO-FaceAFace_black-2048x587.jpg 2048w\" sizes=\"auto, (max-width: 767px) 89vw, (max-width: 1000px) 54vw, (max-width: 1071px) 543px, 580px\" \/><\/figure>\n\n\n<div class=\"wp-block-image\">\n<figure class=\"aligncenter size-large is-resized\"><img loading=\"lazy\" decoding=\"async\" width=\"1024\" height=\"695\" src=\"https:\/\/brillen-framme.de\/wp-content\/uploads\/2019\/04\/RB_Genuine_Logo_JPG-1024x695.jpg\" alt=\"\" class=\"wp-image-1048\" style=\"width:193px;height:131px\" srcset=\"https:\/\/brillen-framme.de\/wp-content\/uploads\/2019\/04\/RB_Genuine_Logo_JPG-1024x695.jpg 1024w, https:\/\/brillen-framme.de\/wp-content\/uploads\/2019\/04\/RB_Genuine_Logo_JPG-300x204.jpg 300w, https:\/\/brillen-framme.de\/wp-content\/uploads\/2019\/04\/RB_Genuine_Logo_JPG-768x521.jpg 768w, https:\/\/brillen-framme.de\/wp-content\/uploads\/2019\/04\/RB_Genuine_Logo_JPG.jpg 1280w\" sizes=\"auto, (max-width: 767px) 89vw, (max-width: 1000px) 54vw, (max-width: 1071px) 543px, 580px\" \/><figcaption class=\"wp-element-caption\">\u00a9 EssilorLuxottica<\/figcaption><\/figure>\n<\/div>\n\n\n<figure class=\"wp-block-gallery has-nested-images columns-default is-cropped wp-block-gallery-1 is-layout-flex wp-block-gallery-is-layout-flex\">\n<figure class=\"wp-block-image size-large\"><img loading=\"lazy\" decoding=\"async\" width=\"300\" height=\"250\" data-id=\"1797\" src=\"https:\/\/brillen-framme.de\/wp-content\/uploads\/2025\/09\/49581_RB0840S_A__300x250.jpg\" alt=\"\" class=\"wp-image-1797\"\/><figcaption class=\"wp-element-caption\">\u00a9EssilorLuxottica<\/figcaption><\/figure>\n\n\n\n<figure class=\"wp-block-image size-large\"><img loading=\"lazy\" decoding=\"async\" width=\"300\" height=\"250\" data-id=\"1806\" src=\"https:\/\/brillen-framme.de\/wp-content\/uploads\/2025\/09\/54464_RB3447__300x250.jpg\" alt=\"\" class=\"wp-image-1806\"\/><figcaption class=\"wp-element-caption\">\u00a9EssilorLuxottica<\/figcaption><\/figure>\n\n\n\n<figure class=\"wp-block-image size-large\"><img loading=\"lazy\" decoding=\"async\" width=\"300\" height=\"250\" data-id=\"1807\" src=\"https:\/\/brillen-framme.de\/wp-content\/uploads\/2025\/09\/54468_RB3925__300x250.jpg\" alt=\"\" class=\"wp-image-1807\"\/><figcaption class=\"wp-element-caption\">\u00a9EssilorLuxottica<\/figcaption><\/figure>\n\n\n\n<figure class=\"wp-block-image size-large\"><img loading=\"lazy\" decoding=\"async\" width=\"300\" height=\"250\" data-id=\"1798\" src=\"https:\/\/brillen-framme.de\/wp-content\/uploads\/2025\/09\/49587_RB0840S_C__300x250.jpg\" alt=\"\" class=\"wp-image-1798\"\/><figcaption class=\"wp-element-caption\">\u00a9EssilorLuxottica<\/figcaption><\/figure>\n\n\n\n<figure class=\"wp-block-image size-large\"><img loading=\"lazy\" decoding=\"async\" width=\"300\" height=\"250\" data-id=\"1805\" src=\"https:\/\/brillen-framme.de\/wp-content\/uploads\/2025\/09\/54456_RB3025_A__300x250.jpg\" alt=\"\" class=\"wp-image-1805\"\/><figcaption class=\"wp-element-caption\">\u00a9EssilorLuxottica<\/figcaption><\/figure>\n<\/figure>\n\n\n\n<div class=\"wp-block-columns is-layout-flex wp-container-core-columns-is-layout-9d6595d7 wp-block-columns-is-layout-flex\">\n<div class=\"wp-block-column is-layout-flow wp-block-column-is-layout-flow\" style=\"flex-basis:100%\"><\/div>\n<\/div>\n\n\n<div class=\"wp-block-image\">\n<figure class=\"aligncenter size-full\"><img loading=\"lazy\" decoding=\"async\" width=\"441\" height=\"43\" src=\"https:\/\/brillen-framme.de\/wp-content\/uploads\/2019\/04\/Logo.jpg\" alt=\"\" class=\"wp-image-1044\" srcset=\"https:\/\/brillen-framme.de\/wp-content\/uploads\/2019\/04\/Logo.jpg 441w, https:\/\/brillen-framme.de\/wp-content\/uploads\/2019\/04\/Logo-300x29.jpg 300w\" sizes=\"auto, (max-width: 441px) 100vw, 441px\" \/><\/figure>\n<\/div>\n\n<div class=\"wp-block-image\">\n<figure class=\"aligncenter is-resized\"><img loading=\"lazy\" decoding=\"async\" width=\"1024\" height=\"724\" src=\"https:\/\/brillen-framme.de\/wp-content\/uploads\/2019\/05\/TF_LOGO_35-999_K-1024x724.jpg\" alt=\"\" class=\"wp-image-1085\" style=\"width:256px;height:181px\" srcset=\"https:\/\/brillen-framme.de\/wp-content\/uploads\/2019\/05\/TF_LOGO_35-999_K-1024x724.jpg 1024w, https:\/\/brillen-framme.de\/wp-content\/uploads\/2019\/05\/TF_LOGO_35-999_K-300x212.jpg 300w, https:\/\/brillen-framme.de\/wp-content\/uploads\/2019\/05\/TF_LOGO_35-999_K-768x543.jpg 768w\" sizes=\"auto, (max-width: 767px) 89vw, (max-width: 1000px) 54vw, (max-width: 1071px) 543px, 580px\" \/><\/figure>\n<\/div>\n\n<div class=\"wp-block-image\">\n<figure class=\"aligncenter is-resized\"><img loading=\"lazy\" decoding=\"async\" width=\"619\" height=\"379\" src=\"https:\/\/brillen-framme.de\/wp-content\/uploads\/2019\/04\/logo_rod_v01_pos.png\" alt=\"\" class=\"wp-image-979\" style=\"width:159px;height:97px\" srcset=\"https:\/\/brillen-framme.de\/wp-content\/uploads\/2019\/04\/logo_rod_v01_pos.png 619w, https:\/\/brillen-framme.de\/wp-content\/uploads\/2019\/04\/logo_rod_v01_pos-300x184.png 300w\" sizes=\"auto, (max-width: 619px) 100vw, 619px\" \/><\/figure>\n<\/div>\n\n\n<p class=\"has-text-align-center has-black-color has-text-color\"><strong>&#8230; Sport- und Schutzbrillen erproben im &#8222;Windkanal &#8220; von SZIOLS <\/strong><\/p>\n\n\n\n<p class=\"has-text-align-center has-black-color has-text-color\"><strong>Aktiv sein &#8211; sich sicher f\u00fchlen &#8211; Sportbrillen mit Kopfband f\u00fcr Ballsportarten<\/strong><\/p>\n\n\n<div class=\"wp-block-image\">\n<figure class=\"aligncenter size-full is-resized\"><img loading=\"lazy\" decoding=\"async\" width=\"380\" height=\"182\" src=\"https:\/\/brillen-framme.de\/wp-content\/uploads\/2020\/01\/image002.jpg\" alt=\"\" class=\"wp-image-1128\" style=\"width:268px;height:128px\" srcset=\"https:\/\/brillen-framme.de\/wp-content\/uploads\/2020\/01\/image002.jpg 380w, https:\/\/brillen-framme.de\/wp-content\/uploads\/2020\/01\/image002-300x144.jpg 300w\" sizes=\"auto, (max-width: 380px) 100vw, 380px\" \/><\/figure>\n<\/div>","protected":false},"excerpt":{"rendered":"<p>Aktuelle Sonnenbrillen in allen Preislagen und Designs Klassisch, Elegant, Sportlich, Stylish 100% UV-Schutz ist gew\u00e4hrleistet! Wir fertigen an: Sonnenbrillen mit individueller Sehst\u00e4rke! &#8230; polarisierende Sonnenschutz-Gl\u00e4ser erleben mit den &#8222;Poltester&#8220; von ZEISS und INVU. &#8230; Sport- und Schutzbrillen erproben im &#8222;Windkanal &#8220; von SZIOLS Aktiv sein &#8211; sich sicher f\u00fchlen &#8211; Sportbrillen mit Kopfband f\u00fcr Ballsportarten<\/p>\n","protected":false},"author":1,"featured_media":1203,"parent":0,"menu_order":0,"comment_status":"closed","ping_status":"closed","template":"","meta":{"footnotes":""},"class_list":["post-30","page","type-page","status-publish","has-post-thumbnail","hentry"],"_links":{"self":[{"href":"https:\/\/brillen-framme.de\/index.php?rest_route=\/wp\/v2\/pages\/30","targetHints":{"allow":["GET"]}}],"collection":[{"href":"https:\/\/brillen-framme.de\/index.php?rest_route=\/wp\/v2\/pages"}],"about":[{"href":"https:\/\/brillen-framme.de\/index.php?rest_route=\/wp\/v2\/types\/page"}],"author":[{"embeddable":true,"href":"https:\/\/brillen-framme.de\/index.php?rest_route=\/wp\/v2\/users\/1"}],"replies":[{"embeddable":true,"href":"https:\/\/brillen-framme.de\/index.php?rest_route=%2Fwp%2Fv2%2Fcomments&post=30"}],"version-history":[{"count":53,"href":"https:\/\/brillen-framme.de\/index.php?rest_route=\/wp\/v2\/pages\/30\/revisions"}],"predecessor-version":[{"id":1819,"href":"https:\/\/brillen-framme.de\/index.php?rest_route=\/wp\/v2\/pages\/30\/revisions\/1819"}],"wp:featuredmedia":[{"embeddable":true,"href":"https:\/\/brillen-framme.de\/index.php?rest_route=\/wp\/v2\/media\/1203"}],"wp:attachment":[{"href":"https:\/\/brillen-framme.de\/index.php?rest_route=%2Fwp%2Fv2%2Fmedia&parent=30"}],"curies":[{"name":"wp","href":"https:\/\/api.w.org\/{rel}","templated":true}]}}