{"id":51,"date":"2018-10-19T09:23:17","date_gmt":"2018-10-19T09:23:17","guid":{"rendered":"http:\/\/wordpress.brillen-framme.de\/?page_id=51"},"modified":"2024-05-20T08:30:04","modified_gmt":"2024-05-20T08:30:04","slug":"anfahrt","status":"publish","type":"page","link":"https:\/\/brillen-framme.de\/?page_id=51","title":{"rendered":"Anfahrt"},"content":{"rendered":"\n<p class=\"has-text-align-center has-very-light-gray-color has-vivid-cyan-blue-background-color has-text-color has-background has-medium-font-size\"><strong>3 kostenlose Kunden-Parkpl\u00e4tze in der Tiefgarage: Am Stadtpark<\/strong><\/p>\n\n\n<div class=\"wp-block-image\">\n<figure class=\"aligncenter is-resized\"><img loading=\"lazy\" decoding=\"async\" width=\"1024\" height=\"768\" src=\"https:\/\/brillen-framme.de\/wp-content\/uploads\/2019\/04\/IMG_6166-1024x768.jpg\" alt=\"\" class=\"wp-image-1000\" style=\"width:643px;height:483px\" srcset=\"https:\/\/brillen-framme.de\/wp-content\/uploads\/2019\/04\/IMG_6166-1024x768.jpg 1024w, https:\/\/brillen-framme.de\/wp-content\/uploads\/2019\/04\/IMG_6166-300x225.jpg 300w, https:\/\/brillen-framme.de\/wp-content\/uploads\/2019\/04\/IMG_6166-768x576.jpg 768w\" sizes=\"auto, (max-width: 767px) 89vw, (max-width: 1000px) 54vw, (max-width: 1071px) 543px, 580px\" \/><\/figure>\n<\/div>\n\n\n<p class=\"has-text-align-center has-black-color has-pale-ocean-gradient-background has-text-color has-background\" style=\"font-size:18px\"><strong>BRILLEN FRAMME<\/strong><br><strong>im Zentrum von Cloppenburg direkt neben der Stadthalle<\/strong><br><strong>Zwei Eing\u00e4nge &#8211; Ein Ziel !<\/strong><br><\/p>\n\n\n\n<figure class=\"wp-block-gallery has-nested-images columns-default is-cropped wp-block-gallery-1 is-layout-flex wp-block-gallery-is-layout-flex\">\n<figure class=\"wp-block-image size-large\"><img loading=\"lazy\" decoding=\"async\" width=\"1024\" height=\"768\" data-id=\"999\" src=\"https:\/\/brillen-framme.de\/wp-content\/uploads\/2019\/04\/IMG_6160-1024x768.jpg\" alt=\"\" class=\"wp-image-999\" srcset=\"https:\/\/brillen-framme.de\/wp-content\/uploads\/2019\/04\/IMG_6160-1024x768.jpg 1024w, https:\/\/brillen-framme.de\/wp-content\/uploads\/2019\/04\/IMG_6160-300x225.jpg 300w, https:\/\/brillen-framme.de\/wp-content\/uploads\/2019\/04\/IMG_6160-768x576.jpg 768w\" sizes=\"auto, (max-width: 767px) 89vw, (max-width: 1000px) 54vw, (max-width: 1071px) 543px, 580px\" \/><figcaption class=\"wp-element-caption\"><br><\/figcaption><\/figure>\n\n\n\n<figure class=\"wp-block-image size-large\"><img loading=\"lazy\" decoding=\"async\" width=\"1024\" height=\"768\" data-id=\"998\" src=\"https:\/\/brillen-framme.de\/wp-content\/uploads\/2019\/04\/IMG_6171-1024x768.jpg\" alt=\"\" class=\"wp-image-998\" srcset=\"https:\/\/brillen-framme.de\/wp-content\/uploads\/2019\/04\/IMG_6171-1024x768.jpg 1024w, https:\/\/brillen-framme.de\/wp-content\/uploads\/2019\/04\/IMG_6171-300x225.jpg 300w, https:\/\/brillen-framme.de\/wp-content\/uploads\/2019\/04\/IMG_6171-768x576.jpg 768w\" sizes=\"auto, (max-width: 767px) 89vw, (max-width: 1000px) 54vw, (max-width: 1071px) 543px, 580px\" \/><figcaption class=\"wp-element-caption\"><br><\/figcaption><\/figure>\n<\/figure>\n\n\n\n<p class=\"has-text-align-center has-black-color has-pale-ocean-gradient-background has-text-color has-background\" style=\"font-size:18px\"><strong>Eingang M\u00fchlenstra\u00dfe<\/strong><\/p>\n\n\n\n<p class=\"has-black-color has-text-color\"><strong><br><\/strong>Unseren  Eingang West, ebenerdig, erreichen Sie \u00fcber die Fu\u00dfg\u00e4ngerzone  M\u00fchlenstra\u00dfe 18. Wenn Sie \u00fcber die Soestenstra\u00dfe anfahren, ist es vom  B\u00fcrgermeister-Heukamp-Parkplatz nur ein kurzer Weg von 50 m. Sie gehen  durch die Passage in Richtung M\u00fchlenstra\u00dfe, gleich gegen\u00fcber sehen Sie: <strong>BRILLEN FRAMME<\/strong>.<br><\/p>\n\n\n<div class=\"wp-block-image\">\n<figure class=\"aligncenter size-large is-resized\"><img loading=\"lazy\" decoding=\"async\" width=\"1024\" height=\"768\" src=\"https:\/\/brillen-framme.de\/wp-content\/uploads\/2024\/05\/Eingang-Stadtpark-1024x768.jpg\" alt=\"\" class=\"wp-image-1721\" style=\"width:629px;height:473px\" srcset=\"https:\/\/brillen-framme.de\/wp-content\/uploads\/2024\/05\/Eingang-Stadtpark-1024x768.jpg 1024w, https:\/\/brillen-framme.de\/wp-content\/uploads\/2024\/05\/Eingang-Stadtpark-300x225.jpg 300w, https:\/\/brillen-framme.de\/wp-content\/uploads\/2024\/05\/Eingang-Stadtpark-768x576.jpg 768w, https:\/\/brillen-framme.de\/wp-content\/uploads\/2024\/05\/Eingang-Stadtpark-1536x1152.jpg 1536w, https:\/\/brillen-framme.de\/wp-content\/uploads\/2024\/05\/Eingang-Stadtpark.jpg 1920w\" sizes=\"auto, (max-width: 767px) 89vw, (max-width: 1000px) 54vw, (max-width: 1071px) 543px, 580px\" \/><figcaption class=\"wp-element-caption\"><br><\/figcaption><\/figure>\n<\/div>\n\n\n<p class=\"has-text-align-center has-black-color has-pale-ocean-gradient-background has-text-color has-background\" style=\"font-size:18px\"><strong>Eingang Am Stadtpark<\/strong><\/p>\n\n\n\n<p class=\"has-black-color has-text-color\">Unser Eingang Ost, ebenfalls rollstuhlgerecht, liegt direkt an der Stra\u00dfe Am Stadtpark. Hier haben Sie die M\u00f6glichkeit mit dem Auto bis vor die Ladent\u00fcr zu fahren.<br>Vom Norden kommend erreichen Sie den &#8222;Stadtpark-Parkplatz&#8220; \u00fcber die Osterstra\u00dfe, Burgstra\u00dfe, Soestenbr\u00fccke,  hier scharf rechts vor dem Parkhotel entlang und dann gleich hinter der Stadthalle rechts zu <strong>BRILLEN FRAMME<\/strong>.<br>Vom S\u00fcden kommend \u00fcber die Bahnhofstra\u00dfe, Amtshausweg, d.h. zwischen  Werrelmann und Ceka reinfahren, vor dem Stadtpark nach links abbiegen und Sie fahren direkt auf uns zu.<\/p>\n","protected":false},"excerpt":{"rendered":"<p>3 kostenlose Kunden-Parkpl\u00e4tze in der Tiefgarage: Am Stadtpark BRILLEN FRAMMEim Zentrum von Cloppenburg direkt neben der StadthalleZwei Eing\u00e4nge &#8211; Ein Ziel ! Eingang M\u00fchlenstra\u00dfe Unseren Eingang West, ebenerdig, erreichen Sie \u00fcber die Fu\u00dfg\u00e4ngerzone M\u00fchlenstra\u00dfe 18. Wenn Sie \u00fcber die Soestenstra\u00dfe anfahren, ist es vom B\u00fcrgermeister-Heukamp-Parkplatz nur ein kurzer Weg von 50 m. Sie gehen durch &hellip; <\/p>\n<p class=\"link-more\"><a href=\"https:\/\/brillen-framme.de\/?page_id=51\" class=\"more-link\"><span class=\"screen-reader-text\">\u201eAnfahrt\u201c <\/span>weiterlesen<\/a><\/p>\n","protected":false},"author":1,"featured_media":759,"parent":0,"menu_order":0,"comment_status":"closed","ping_status":"closed","template":"","meta":{"footnotes":""},"class_list":["post-51","page","type-page","status-publish","has-post-thumbnail","hentry"],"_links":{"self":[{"href":"https:\/\/brillen-framme.de\/index.php?rest_route=\/wp\/v2\/pages\/51","targetHints":{"allow":["GET"]}}],"collection":[{"href":"https:\/\/brillen-framme.de\/index.php?rest_route=\/wp\/v2\/pages"}],"about":[{"href":"https:\/\/brillen-framme.de\/index.php?rest_route=\/wp\/v2\/types\/page"}],"author":[{"embeddable":true,"href":"https:\/\/brillen-framme.de\/index.php?rest_route=\/wp\/v2\/users\/1"}],"replies":[{"embeddable":true,"href":"https:\/\/brillen-framme.de\/index.php?rest_route=%2Fwp%2Fv2%2Fcomments&post=51"}],"version-history":[{"count":46,"href":"https:\/\/brillen-framme.de\/index.php?rest_route=\/wp\/v2\/pages\/51\/revisions"}],"predecessor-version":[{"id":1722,"href":"https:\/\/brillen-framme.de\/index.php?rest_route=\/wp\/v2\/pages\/51\/revisions\/1722"}],"wp:featuredmedia":[{"embeddable":true,"href":"https:\/\/brillen-framme.de\/index.php?rest_route=\/wp\/v2\/media\/759"}],"wp:attachment":[{"href":"https:\/\/brillen-framme.de\/index.php?rest_route=%2Fwp%2Fv2%2Fmedia&parent=51"}],"curies":[{"name":"wp","href":"https:\/\/api.w.org\/{rel}","templated":true}]}}